{"id":385,"date":"2023-06-07T17:44:39","date_gmt":"2023-06-07T17:44:39","guid":{"rendered":"https:\/\/rmci.us\/new\/?page_id=385"},"modified":"2025-01-21T17:08:13","modified_gmt":"2025-01-21T17:08:13","slug":"terms-and-conditions","status":"publish","type":"page","link":"https:\/\/rmci.us\/es\/terms-and-conditions\/","title":{"rendered":"T\u00e9rminos y condiciones"},"content":{"rendered":"<div data-elementor-type=\"wp-page\" data-elementor-id=\"385\" class=\"elementor elementor-385\" data-elementor-post-type=\"page\">\n\t\t\t\t\t\t<section class=\"elementor-section elementor-top-section elementor-element elementor-element-3b30ba3b elementor-section-height-min-height elementor-section-items-stretch elementor-section-boxed elementor-section-height-default\" data-id=\"3b30ba3b\" data-element_type=\"section\" data-e-type=\"section\" data-settings=\"{&quot;background_background&quot;:&quot;classic&quot;}\">\n\t\t\t\t\t\t\t<div class=\"elementor-background-overlay\"><\/div>\n\t\t\t\t\t\t\t<div class=\"elementor-container elementor-column-gap-default\">\n\t\t\t\t\t<div class=\"elementor-column elementor-col-50 elementor-top-column elementor-element elementor-element-e7d0cd5\" data-id=\"e7d0cd5\" data-element_type=\"column\" data-e-type=\"column\">\n\t\t\t<div class=\"elementor-widget-wrap elementor-element-populated\">\n\t\t\t\t\t\t<div class=\"elementor-element elementor-element-4e8e7e3 elementor-widget elementor-widget-heading\" data-id=\"4e8e7e3\" data-element_type=\"widget\" data-e-type=\"widget\" data-widget_type=\"heading.default\">\n\t\t\t\t<div class=\"elementor-widget-container\">\n\t\t\t\t\t<h3 class=\"elementor-heading-title elementor-size-default\">RMCI <\/h3>\t\t\t\t<\/div>\n\t\t\t\t<\/div>\n\t\t\t\t<div class=\"elementor-element elementor-element-31231bcf elementor-widget elementor-widget-heading\" data-id=\"31231bcf\" data-element_type=\"widget\" data-e-type=\"widget\" data-widget_type=\"heading.default\">\n\t\t\t\t<div class=\"elementor-widget-container\">\n\t\t\t\t\t<h1 class=\"elementor-heading-title elementor-size-default\">T\u00e9rminos y condiciones<\/h1>\t\t\t\t<\/div>\n\t\t\t\t<\/div>\n\t\t\t\t\t<\/div>\n\t\t<\/div>\n\t\t\t\t<div class=\"elementor-column elementor-col-50 elementor-top-column elementor-element elementor-element-53c04de1\" data-id=\"53c04de1\" data-element_type=\"column\" data-e-type=\"column\">\n\t\t\t<div class=\"elementor-widget-wrap elementor-element-populated\">\n\t\t\t\t\t\t\t<\/div>\n\t\t<\/div>\n\t\t\t\t\t<\/div>\n\t\t<\/section>\n\t\t\t\t<section class=\"elementor-section elementor-top-section elementor-element elementor-element-6c488b40 elementor-section-boxed elementor-section-height-default elementor-section-height-default\" data-id=\"6c488b40\" data-element_type=\"section\" data-e-type=\"section\">\n\t\t\t\t\t\t<div class=\"elementor-container elementor-column-gap-default\">\n\t\t\t\t\t<div class=\"elementor-column elementor-col-100 elementor-top-column elementor-element elementor-element-578866d7\" data-id=\"578866d7\" data-element_type=\"column\" data-e-type=\"column\">\n\t\t\t<div class=\"elementor-widget-wrap elementor-element-populated\">\n\t\t\t\t\t\t<section class=\"elementor-section elementor-inner-section elementor-element elementor-element-4c3a348 elementor-reverse-tablet elementor-reverse-mobile elementor-section-boxed elementor-section-height-default elementor-section-height-default\" data-id=\"4c3a348\" data-element_type=\"section\" data-e-type=\"section\">\n\t\t\t\t\t\t<div class=\"elementor-container elementor-column-gap-default\">\n\t\t\t\t\t<div class=\"elementor-column elementor-col-100 elementor-inner-column elementor-element elementor-element-4502eb15\" data-id=\"4502eb15\" data-element_type=\"column\" data-e-type=\"column\">\n\t\t\t<div class=\"elementor-widget-wrap elementor-element-populated\">\n\t\t\t\t\t\t<div class=\"elementor-element elementor-element-46d7f5e5 elementor-widget elementor-widget-text-editor\" data-id=\"46d7f5e5\" data-element_type=\"widget\" data-e-type=\"widget\" data-widget_type=\"text-editor.default\">\n\t\t\t\t<div class=\"elementor-widget-container\">\n\t\t\t\t\t\t\t\t\t<p>Estos t\u00e9rminos y condiciones (\u201cAcuerdo\u201d) establecen los t\u00e9rminos y condiciones generales de su uso del sitio.\u00a0<a href=\"https:\/\/rmciinc.com\/\">es.rmciinc.com<\/a>\u00a0sitio web (\u201cSitio web\u201d o \u201cServicio\u201d) y cualquiera de sus productos y servicios relacionados (colectivamente, \u201cServicios\u201d). Este Acuerdo es legalmente vinculante entre usted (\u201cUsuario\u201d, \u201custed\u201d o \u201csu\u201d) y RMCI Inc (\u201cRMCI Inc\u201d, \u201cnosotros\u201d, \u201cnos\u201d o \u201cnuestro\u201d). Si est\u00e1 celebrando este acuerdo en nombre de una empresa u otra entidad legal, declara que tiene la autoridad para vincular a dicha entidad a este acuerdo, en cuyo caso los t\u00e9rminos \u201cUsuario\u201d, \u201custed\u201d o \u201csu\u201d se referir\u00e1n a dicha entidad. Si no tiene dicha autoridad, o si no est\u00e1 de acuerdo con los t\u00e9rminos de este acuerdo, no debe aceptar este acuerdo y no puede acceder y usar el Sitio web y los Servicios. Al acceder y usar el Sitio web y los Servicios, usted reconoce que ha le\u00eddo, entendido y acepta estar sujeto a los t\u00e9rminos de este Acuerdo. Usted reconoce que este Acuerdo es un contrato entre usted y RMCI Inc, aunque sea electr\u00f3nico y no est\u00e9 firmado f\u00edsicamente por usted, y rige su uso del Sitio web y los Servicios.<\/p><h2 id=\"links-to-other-resources\">Enlaces a otros recursos<\/h2><p>Aunque el Sitio web y los Servicios pueden vincularse a otros recursos (como sitios web, aplicaciones m\u00f3viles, etc.), no estamos, directa o indirectamente, insinuando ninguna aprobaci\u00f3n, asociaci\u00f3n, patrocinio, respaldo o afiliaci\u00f3n con ning\u00fan recurso vinculado, a menos que se indique espec\u00edficamente en este documento. Algunos de los enlaces del Sitio web pueden ser &quot;enlaces de afiliados&quot;. Esto significa que si hace clic en el enlace y compra un art\u00edculo, RMCI Inc recibir\u00e1 una comisi\u00f3n de afiliado. No somos responsables de examinar o evaluar, y no garantizamos las ofertas de, ninguna empresa o individuo ni el contenido de sus recursos. No asumimos ninguna responsabilidad u obligaci\u00f3n por las acciones, productos, servicios y contenido de ning\u00fan otro tercero. Debe revisar cuidadosamente las declaraciones legales y otras condiciones de uso de cualquier recurso al que acceda a trav\u00e9s de un enlace en el Sitio web. Su enlace a cualquier otro recurso fuera del sitio es bajo su propio riesgo.<\/p><h2 id=\"prohibited-uses\">Usos prohibidos<\/h2><p>Adem\u00e1s de otros t\u00e9rminos establecidos en el Acuerdo, se le proh\u00edbe usar el Sitio web y los Servicios o el Contenido: (a) para cualquier prop\u00f3sito ilegal; (b) para solicitar a otros que realicen o participen en cualquier acto ilegal; (c) para violar cualquier regulaci\u00f3n, regla, ley u ordenanza local internacional, federal, provincial o estatal; (d) para infringir o violar nuestros derechos de propiedad intelectual o los derechos de propiedad intelectual de otros; (e) para acosar, abusar, insultar, da\u00f1ar, difamar, calumniar, menospreciar, intimidar o discriminar por motivos de g\u00e9nero, orientaci\u00f3n sexual, religi\u00f3n, etnia, raza, edad, origen nacional o discapacidad; (f) para enviar informaci\u00f3n falsa o enga\u00f1osa; (g) para cargar o transmitir virus o cualquier otro tipo de c\u00f3digo malicioso que se usar\u00e1 o puede usarse de cualquier manera que afecte la funcionalidad o el funcionamiento del Sitio web y los Servicios, productos y servicios de terceros o Internet; (h) para enviar spam, phishing, pharm, pretext, spider, crawl o scrape; (i) con cualquier prop\u00f3sito obsceno o inmoral; o (j) para interferir o eludir las caracter\u00edsticas de seguridad del Sitio web y los Servicios, productos y servicios de terceros o Internet. Nos reservamos el derecho de cancelar su uso del Sitio web y los Servicios por violar cualquiera de los usos prohibidos.<\/p><h2 id=\"intellectual-property-rights\">Derechos de propiedad intelectual<\/h2><p>\u201cDerechos de propiedad intelectual\u201d significa todos los derechos presentes y futuros conferidos por estatuto, derecho consuetudinario o equidad en o en relaci\u00f3n con cualquier derecho de autor y derechos relacionados, marcas comerciales, dise\u00f1os, patentes, invenciones, fondo de comercio y el derecho a demandar por usurpaci\u00f3n de marca, derechos a invenciones, derechos a usar y todos los dem\u00e1s derechos de propiedad intelectual, en cada caso ya sea registrados o no registrados e incluyendo todas las solicitudes y derechos a solicitar y ser otorgados, derechos a reclamar prioridad de dichos derechos y todos los derechos o formas de protecci\u00f3n similares o equivalentes y cualquier otro resultado de la actividad intelectual que subsista o subsista ahora o en el futuro en cualquier parte del mundo. Este Acuerdo no le transfiere ninguna propiedad intelectual que sea propiedad de RMCI Inc o de terceros, y todos los derechos, t\u00edtulos e intereses en y sobre dicha propiedad permanecer\u00e1n (como entre las partes) \u00fanicamente con RMCI Inc. Todas las marcas comerciales, marcas de servicio, gr\u00e1ficos y logotipos utilizados en relaci\u00f3n con el Sitio web y los Servicios son marcas comerciales o marcas comerciales registradas de RMCI Inc o sus licenciantes. Otras marcas comerciales, marcas de servicio, gr\u00e1ficos y logotipos utilizados en relaci\u00f3n con el Sitio web y los Servicios pueden ser marcas comerciales de terceros. Su uso del Sitio web y los Servicios no le otorga ning\u00fan derecho ni licencia para reproducir o utilizar de otro modo ninguna de las marcas comerciales de RMCI Inc o de terceros.<\/p><h2 id=\"disclaimer-of-warranty\">Descargo de responsabilidad de garant\u00eda<\/h2><p>Usted acepta que dicho Servicio se proporciona \u201ctal como est\u00e1\u201d y \u201cseg\u00fan disponibilidad\u201d y que su uso del Sitio web y los Servicios se realiza \u00fanicamente bajo su propio riesgo. Renunciamos expresamente a todas las garant\u00edas de cualquier tipo, ya sean expresas o impl\u00edcitas, incluidas, entre otras, las garant\u00edas impl\u00edcitas de comerciabilidad, idoneidad para un fin determinado y no infracci\u00f3n. No ofrecemos garant\u00eda alguna de que los Servicios cumplir\u00e1n con sus requisitos, ni de que el Servicio ser\u00e1 ininterrumpido, puntual, seguro o libre de errores; tampoco ofrecemos garant\u00eda alguna en cuanto a los resultados que se puedan obtener del uso del Servicio o en cuanto a la precisi\u00f3n o fiabilidad de cualquier informaci\u00f3n obtenida a trav\u00e9s del Servicio o de que se corregir\u00e1n los defectos del Servicio. Usted comprende y acepta que cualquier material o dato descargado u obtenido de otro modo a trav\u00e9s del uso del Servicio se realiza a su propia discreci\u00f3n y riesgo y que usted ser\u00e1 el \u00fanico responsable de cualquier da\u00f1o o p\u00e9rdida de datos que resulte de la descarga de dicho material o datos. No ofrecemos garant\u00eda alguna con respecto a los bienes o servicios adquiridos u obtenidos a trav\u00e9s del Servicio ni a las transacciones realizadas a trav\u00e9s del Servicio a menos que se indique lo contrario. Ning\u00fan consejo o informaci\u00f3n, ya sea oral o escrita, obtenida por usted de nosotros o a trav\u00e9s del Servicio crear\u00e1 ninguna garant\u00eda que no est\u00e9 expresamente establecida en este documento.<\/p><h2 id=\"limitation-of-liability\">Limitaci\u00f3n de responsabilidad<\/h2><p>En la medida m\u00e1xima permitida por la ley aplicable, en ning\u00fan caso RMCI Inc, sus afiliados, directores, funcionarios, empleados, agentes, proveedores o licenciantes ser\u00e1n responsables ante ninguna persona por ning\u00fan da\u00f1o indirecto, incidental, especial, punitivo, de cobertura o consecuente (incluidos, entre otros, da\u00f1os por p\u00e9rdida de ganancias, ingresos, ventas, fondo de comercio, uso de contenido, impacto en el negocio, interrupci\u00f3n del negocio, p\u00e9rdida de ahorros previstos, p\u00e9rdida de oportunidad comercial) causado de cualquier manera, bajo cualquier teor\u00eda de responsabilidad, incluido, entre otros, contrato, agravio, garant\u00eda, incumplimiento del deber legal, negligencia o de otro tipo, incluso si la parte responsable ha sido informada sobre la posibilidad de tales da\u00f1os o podr\u00eda haber previsto dichos da\u00f1os. En la medida m\u00e1xima permitida por la ley aplicable, la responsabilidad total de RMCI Inc. y sus afiliados, funcionarios, empleados, agentes, proveedores y licenciatarios en relaci\u00f3n con los servicios se limitar\u00e1 a un monto no mayor a un d\u00f3lar o cualquier monto efectivamente pagado en efectivo por usted a RMCI Inc. durante el per\u00edodo de un mes anterior al primer evento o suceso que d\u00e9 lugar a dicha responsabilidad. Las limitaciones y exclusiones tambi\u00e9n se aplican si este recurso no lo compensa por completo por cualquier p\u00e9rdida o no cumple con su prop\u00f3sito esencial.<\/p><h2 id=\"indemnification\">Indemnizaci\u00f3n<\/h2><p>Usted acepta indemnizar y eximir de responsabilidad a RMCI Inc y sus afiliados, directores, funcionarios, empleados, agentes, proveedores y licenciatarios frente a cualquier responsabilidad, p\u00e9rdida, da\u00f1o o costo, incluidos los honorarios razonables de abogados, incurridos en relaci\u00f3n con o derivados de cualquier alegaci\u00f3n, reclamo, acci\u00f3n, disputa o demanda de terceros presentada contra cualquiera de ellos como resultado de o en relaci\u00f3n con su Contenido, su uso del Sitio web y los Servicios o cualquier mala conducta intencional de su parte.<\/p><h2 id=\"severability\">Divisibilidad<\/h2><p>Todos los derechos y restricciones contenidos en este Acuerdo podr\u00e1n ejercerse y ser\u00e1n aplicables y vinculantes \u00fanicamente en la medida en que no violen ninguna ley aplicable y se pretende que est\u00e9n limitados en la medida necesaria para que no hagan que este Acuerdo sea ilegal, inv\u00e1lido o inaplicable. Si alguna disposici\u00f3n o parte de alguna disposici\u00f3n de este Acuerdo se considera ilegal, inv\u00e1lida o inaplicable por un tribunal de jurisdicci\u00f3n competente, es intenci\u00f3n de las partes que las disposiciones restantes o partes de las mismas constituyan su acuerdo con respecto al objeto del presente, y todas esas disposiciones restantes o partes de las mismas permanecer\u00e1n en pleno vigor y efecto.<\/p><h2 id=\"dispute-resolution\">Resoluci\u00f3n de disputas<\/h2><p>La formaci\u00f3n, interpretaci\u00f3n y ejecuci\u00f3n de este Acuerdo y cualquier disputa que surja de \u00e9l se regir\u00e1n por las leyes sustantivas y procesales de Nuevo M\u00e9xico, Estados Unidos, sin tener en cuenta sus normas sobre conflictos o elecci\u00f3n de la ley aplicable y, en la medida que sea aplicable, las leyes de los Estados Unidos. La jurisdicci\u00f3n y competencia exclusivas para las acciones relacionadas con el objeto del presente ser\u00e1n los tribunales ubicados en Nuevo M\u00e9xico, Estados Unidos, y usted se somete por la presente a la jurisdicci\u00f3n personal de dichos tribunales. Por la presente, usted renuncia a cualquier derecho a un juicio por jurado en cualquier procedimiento que surja de este Acuerdo o est\u00e9 relacionado con \u00e9l. La Convenci\u00f3n de las Naciones Unidas sobre los Contratos de Compraventa Internacional de Mercader\u00edas no se aplica a este Acuerdo.<\/p><h2 id=\"assignment\">Asignaci\u00f3n<\/h2><p>No podr\u00e1 ceder, revender, sublicenciar ni transferir ni delegar de otro modo ninguno de sus derechos u obligaciones en virtud del presente, en su totalidad o en parte, sin nuestro consentimiento previo por escrito, que se otorgar\u00e1 a nuestra entera discreci\u00f3n y sin obligaci\u00f3n alguna; dicha cesi\u00f3n o transferencia ser\u00e1 nula y sin efecto. Somos libres de ceder cualquiera de nuestros derechos u obligaciones en virtud del presente, en su totalidad o en parte, a cualquier tercero como parte de la venta de todos o pr\u00e1cticamente todos sus activos o acciones o como parte de una fusi\u00f3n.<\/p><h2 id=\"changes-and-amendments\">Cambios y enmiendas<\/h2><p>Nos reservamos el derecho de modificar este Acuerdo o sus t\u00e9rminos relacionados con el Sitio web y los Servicios en cualquier momento y a nuestra discreci\u00f3n. Cuando lo hagamos, revisaremos la fecha de actualizaci\u00f3n que aparece al pie de esta p\u00e1gina y le enviaremos un correo electr\u00f3nico para notificarle. Tambi\u00e9n podemos notificarle de otras maneras a nuestra discreci\u00f3n, como a trav\u00e9s de la informaci\u00f3n de contacto que nos haya proporcionado.<\/p><p>Una versi\u00f3n actualizada de este Acuerdo entrar\u00e1 en vigor inmediatamente despu\u00e9s de la publicaci\u00f3n del Acuerdo revisado, a menos que se especifique lo contrario. Su uso continuo del Sitio web y los Servicios despu\u00e9s de la fecha de entrada en vigor del Acuerdo revisado (o cualquier otro acto especificado en ese momento) constituir\u00e1 su consentimiento a dichos cambios.<\/p><h2 id=\"acceptance-of-these-terms\">Aceptaci\u00f3n de estos t\u00e9rminos<\/h2><p>Usted reconoce que ha le\u00eddo este Acuerdo y acepta todos sus t\u00e9rminos y condiciones. Al acceder y utilizar el Sitio web y los Servicios, usted acepta estar sujeto a este Acuerdo. Si no acepta cumplir con los t\u00e9rminos de este Acuerdo, no est\u00e1 autorizado a acceder o utilizar el Sitio web y los Servicios.<\/p><h2 id=\"contacting-us\">Cont\u00e1ctenos<\/h2><p>Si tiene alguna pregunta, inquietud o queja con respecto a este Acuerdo, le recomendamos que se comunique con nosotros utilizando los detalles que aparecen a continuaci\u00f3n:<\/p><p><a href=\"https:\/\/rmci.us\/es\/contact-us\/\">https:\/\/rmci.us\/contact-us<\/a><\/p><p>Este documento se actualiz\u00f3 por \u00faltima vez el 15 de noviembre de 2022<\/p>\t\t\t\t\t\t\t\t<\/div>\n\t\t\t\t<\/div>\n\t\t\t\t<div class=\"elementor-element elementor-element-71ae9cdf elementor-widget elementor-widget-spacer\" data-id=\"71ae9cdf\" data-element_type=\"widget\" data-e-type=\"widget\" data-widget_type=\"spacer.default\">\n\t\t\t\t<div class=\"elementor-widget-container\">\n\t\t\t\t\t\t\t<div class=\"elementor-spacer\">\n\t\t\t<div class=\"elementor-spacer-inner\"><\/div>\n\t\t<\/div>\n\t\t\t\t\t\t<\/div>\n\t\t\t\t<\/div>\n\t\t\t\t<div class=\"elementor-element elementor-element-293bd559 elementor-widget elementor-widget-spacer\" data-id=\"293bd559\" data-element_type=\"widget\" data-e-type=\"widget\" data-widget_type=\"spacer.default\">\n\t\t\t\t<div class=\"elementor-widget-container\">\n\t\t\t\t\t\t\t<div class=\"elementor-spacer\">\n\t\t\t<div class=\"elementor-spacer-inner\"><\/div>\n\t\t<\/div>\n\t\t\t\t\t\t<\/div>\n\t\t\t\t<\/div>\n\t\t\t\t\t<\/div>\n\t\t<\/div>\n\t\t\t\t\t<\/div>\n\t\t<\/section>\n\t\t\t\t\t<\/div>\n\t\t<\/div>\n\t\t\t\t\t<\/div>\n\t\t<\/section>\n\t\t\t\t<\/div>","protected":false},"excerpt":{"rendered":"<p>T\u00e9rminos y Condiciones de RMCI. Estos t\u00e9rminos y condiciones (el \u00abAcuerdo\u00bb) establecen las condiciones generales de uso del sitio web rmciinc.com (el \u00abSitio web\u00bb o el \u00abServicio\u00bb) y de cualquiera de sus productos y servicios relacionados (en conjunto, los \u00abServicios\u00bb). Este Acuerdo es legalmente vinculante entre usted (el \u00abUsuario\u00bb, \u00abusted\u00bb o \u00absu\u00bb) y RMCI Inc. (\u00abRMCI Inc\u00bb, \u00abnosotros\u00bb, \u00abnos\u00bb o \u00abnuestro\u00bb). Si [\u2026]<\/p>","protected":false},"author":1,"featured_media":0,"parent":0,"menu_order":0,"comment_status":"closed","ping_status":"closed","template":"elementor_header_footer","meta":{"inline_featured_image":false,"_monsterinsights_skip_tracking":false,"_monsterinsights_sitenote_active":false,"_monsterinsights_sitenote_note":"","_monsterinsights_sitenote_category":0,"footnotes":""},"class_list":["post-385","page","type-page","status-publish","hentry"],"aioseo_notices":[],"_links":{"self":[{"href":"https:\/\/rmci.us\/es\/wp-json\/wp\/v2\/pages\/385","targetHints":{"allow":["GET"]}}],"collection":[{"href":"https:\/\/rmci.us\/es\/wp-json\/wp\/v2\/pages"}],"about":[{"href":"https:\/\/rmci.us\/es\/wp-json\/wp\/v2\/types\/page"}],"author":[{"embeddable":true,"href":"https:\/\/rmci.us\/es\/wp-json\/wp\/v2\/users\/1"}],"replies":[{"embeddable":true,"href":"https:\/\/rmci.us\/es\/wp-json\/wp\/v2\/comments?post=385"}],"version-history":[{"count":24,"href":"https:\/\/rmci.us\/es\/wp-json\/wp\/v2\/pages\/385\/revisions"}],"predecessor-version":[{"id":2760,"href":"https:\/\/rmci.us\/es\/wp-json\/wp\/v2\/pages\/385\/revisions\/2760"}],"wp:attachment":[{"href":"https:\/\/rmci.us\/es\/wp-json\/wp\/v2\/media?parent=385"}],"curies":[{"name":"gracias","href":"https:\/\/api.w.org\/{rel}","templated":true}]}}